{"id":8,"date":"2015-08-10T18:08:00","date_gmt":"2015-08-10T18:08:00","guid":{"rendered":"https:\/\/gitelabertrande.ca\/?page_id=8"},"modified":"2020-02-09T22:17:15","modified_gmt":"2020-02-10T03:17:15","slug":"les-chambres","status":"publish","type":"page","link":"https:\/\/gitelabertrande.ca\/index.php\/les-chambres\/","title":{"rendered":"Les Chambres"},"content":{"rendered":"","protected":false},"excerpt":{"rendered":"","protected":false},"author":1,"featured_media":0,"parent":0,"menu_order":0,"comment_status":"closed","ping_status":"open","template":"","meta":{"_monsterinsights_skip_tracking":false,"_monsterinsights_sitenote_active":false,"_monsterinsights_sitenote_note":"","_monsterinsights_sitenote_category":0,"jetpack_post_was_ever_published":false,"footnotes":""},"class_list":["post-8","page","type-page","status-publish","hentry"],"yoast_head":"<!-- This site is optimized with the Yoast SEO plugin v25.3 - https:\/\/yoast.com\/wordpress\/plugins\/seo\/ -->\n<title>Les chambres | R\u00e9sidence touristique Charlevoix | Port-au-persil<\/title>\n<meta name=\"description\" content=\"Au Gite La Bertrandre, r\u00e9sidence touristique dans Charlevoix, nous avons r\u00e9nov\u00e9 chacune des chambres et de leur donn\u00e9 un chachet particulier.\" \/>\n<meta name=\"robots\" content=\"index, follow, max-snippet:-1, max-image-preview:large, max-video-preview:-1\" \/>\n<link rel=\"canonical\" href=\"https:\/\/gitelabertrande.ca\/index.php\/les-chambres\/\" \/>\n<meta property=\"og:locale\" content=\"fr_FR\" \/>\n<meta property=\"og:type\" content=\"article\" \/>\n<meta property=\"og:title\" content=\"Les chambres | R\u00e9sidence touristique Charlevoix | Port-au-persil\" \/>\n<meta property=\"og:description\" content=\"Au Gite La Bertrandre, r\u00e9sidence touristique dans Charlevoix, nous avons r\u00e9nov\u00e9 chacune des chambres et de leur donn\u00e9 un chachet particulier.\" \/>\n<meta property=\"og:url\" content=\"https:\/\/gitelabertrande.ca\/index.php\/les-chambres\/\" \/>\n<meta property=\"og:site_name\" content=\"R\u00e9sidence Touristique Charlevoix | G\u00eete La Bertrande | Port-au-Persil\" \/>\n<meta property=\"article:modified_time\" content=\"2020-02-10T03:17:15+00:00\" \/>\n<meta name=\"twitter:card\" content=\"summary_large_image\" \/>\n<script type=\"application\/ld+json\" class=\"yoast-schema-graph\">{\"@context\":\"https:\/\/schema.org\",\"@graph\":[{\"@type\":\"WebPage\",\"@id\":\"https:\/\/gitelabertrande.ca\/index.php\/les-chambres\/\",\"url\":\"https:\/\/gitelabertrande.ca\/index.php\/les-chambres\/\",\"name\":\"Les chambres | R\u00e9sidence touristique Charlevoix | Port-au-persil\",\"isPartOf\":{\"@id\":\"https:\/\/gitelabertrande.ca\/#website\"},\"datePublished\":\"2015-08-10T18:08:00+00:00\",\"dateModified\":\"2020-02-10T03:17:15+00:00\",\"description\":\"Au Gite La Bertrandre, r\u00e9sidence touristique dans Charlevoix, nous avons r\u00e9nov\u00e9 chacune des chambres et de leur donn\u00e9 un chachet particulier.\",\"breadcrumb\":{\"@id\":\"https:\/\/gitelabertrande.ca\/index.php\/les-chambres\/#breadcrumb\"},\"inLanguage\":\"fr-FR\",\"potentialAction\":[{\"@type\":\"ReadAction\",\"target\":[\"https:\/\/gitelabertrande.ca\/index.php\/les-chambres\/\"]}]},{\"@type\":\"BreadcrumbList\",\"@id\":\"https:\/\/gitelabertrande.ca\/index.php\/les-chambres\/#breadcrumb\",\"itemListElement\":[{\"@type\":\"ListItem\",\"position\":1,\"name\":\"Accueil\",\"item\":\"https:\/\/gitelabertrande.ca\/\"},{\"@type\":\"ListItem\",\"position\":2,\"name\":\"Les Chambres\"}]},{\"@type\":\"WebSite\",\"@id\":\"https:\/\/gitelabertrande.ca\/#website\",\"url\":\"https:\/\/gitelabertrande.ca\/\",\"name\":\"R\u00e9sidence Touristique Charlevoix | G\u00eete La Bertrande | Port-au-Persil\",\"description\":\"\",\"potentialAction\":[{\"@type\":\"SearchAction\",\"target\":{\"@type\":\"EntryPoint\",\"urlTemplate\":\"https:\/\/gitelabertrande.ca\/?s={search_term_string}\"},\"query-input\":{\"@type\":\"PropertyValueSpecification\",\"valueRequired\":true,\"valueName\":\"search_term_string\"}}],\"inLanguage\":\"fr-FR\"}]}<\/script>\n<!-- \/ Yoast SEO plugin. -->","yoast_head_json":{"title":"Les chambres | R\u00e9sidence touristique Charlevoix | Port-au-persil","description":"Au Gite La Bertrandre, r\u00e9sidence touristique dans Charlevoix, nous avons r\u00e9nov\u00e9 chacune des chambres et de leur donn\u00e9 un chachet particulier.","robots":{"index":"index","follow":"follow","max-snippet":"max-snippet:-1","max-image-preview":"max-image-preview:large","max-video-preview":"max-video-preview:-1"},"canonical":"https:\/\/gitelabertrande.ca\/index.php\/les-chambres\/","og_locale":"fr_FR","og_type":"article","og_title":"Les chambres | R\u00e9sidence touristique Charlevoix | Port-au-persil","og_description":"Au Gite La Bertrandre, r\u00e9sidence touristique dans Charlevoix, nous avons r\u00e9nov\u00e9 chacune des chambres et de leur donn\u00e9 un chachet particulier.","og_url":"https:\/\/gitelabertrande.ca\/index.php\/les-chambres\/","og_site_name":"R\u00e9sidence Touristique Charlevoix | G\u00eete La Bertrande | Port-au-Persil","article_modified_time":"2020-02-10T03:17:15+00:00","twitter_card":"summary_large_image","schema":{"@context":"https:\/\/schema.org","@graph":[{"@type":"WebPage","@id":"https:\/\/gitelabertrande.ca\/index.php\/les-chambres\/","url":"https:\/\/gitelabertrande.ca\/index.php\/les-chambres\/","name":"Les chambres | R\u00e9sidence touristique Charlevoix | Port-au-persil","isPartOf":{"@id":"https:\/\/gitelabertrande.ca\/#website"},"datePublished":"2015-08-10T18:08:00+00:00","dateModified":"2020-02-10T03:17:15+00:00","description":"Au Gite La Bertrandre, r\u00e9sidence touristique dans Charlevoix, nous avons r\u00e9nov\u00e9 chacune des chambres et de leur donn\u00e9 un chachet particulier.","breadcrumb":{"@id":"https:\/\/gitelabertrande.ca\/index.php\/les-chambres\/#breadcrumb"},"inLanguage":"fr-FR","potentialAction":[{"@type":"ReadAction","target":["https:\/\/gitelabertrande.ca\/index.php\/les-chambres\/"]}]},{"@type":"BreadcrumbList","@id":"https:\/\/gitelabertrande.ca\/index.php\/les-chambres\/#breadcrumb","itemListElement":[{"@type":"ListItem","position":1,"name":"Accueil","item":"https:\/\/gitelabertrande.ca\/"},{"@type":"ListItem","position":2,"name":"Les Chambres"}]},{"@type":"WebSite","@id":"https:\/\/gitelabertrande.ca\/#website","url":"https:\/\/gitelabertrande.ca\/","name":"R\u00e9sidence Touristique Charlevoix | G\u00eete La Bertrande | Port-au-Persil","description":"","potentialAction":[{"@type":"SearchAction","target":{"@type":"EntryPoint","urlTemplate":"https:\/\/gitelabertrande.ca\/?s={search_term_string}"},"query-input":{"@type":"PropertyValueSpecification","valueRequired":true,"valueName":"search_term_string"}}],"inLanguage":"fr-FR"}]}},"jetpack_sharing_enabled":true,"jetpack_shortlink":"https:\/\/wp.me\/P9O8VC-8","jetpack-related-posts":[],"_links":{"self":[{"href":"https:\/\/gitelabertrande.ca\/index.php\/wp-json\/wp\/v2\/pages\/8","targetHints":{"allow":["GET"]}}],"collection":[{"href":"https:\/\/gitelabertrande.ca\/index.php\/wp-json\/wp\/v2\/pages"}],"about":[{"href":"https:\/\/gitelabertrande.ca\/index.php\/wp-json\/wp\/v2\/types\/page"}],"author":[{"embeddable":true,"href":"https:\/\/gitelabertrande.ca\/index.php\/wp-json\/wp\/v2\/users\/1"}],"replies":[{"embeddable":true,"href":"https:\/\/gitelabertrande.ca\/index.php\/wp-json\/wp\/v2\/comments?post=8"}],"version-history":[{"count":9,"href":"https:\/\/gitelabertrande.ca\/index.php\/wp-json\/wp\/v2\/pages\/8\/revisions"}],"predecessor-version":[{"id":311,"href":"https:\/\/gitelabertrande.ca\/index.php\/wp-json\/wp\/v2\/pages\/8\/revisions\/311"}],"wp:attachment":[{"href":"https:\/\/gitelabertrande.ca\/index.php\/wp-json\/wp\/v2\/media?parent=8"}],"curies":[{"name":"wp","href":"https:\/\/api.w.org\/{rel}","templated":true}]}}