{"id":12,"date":"2015-08-10T18:09:03","date_gmt":"2015-08-10T18:09:03","guid":{"rendered":"https:\/\/gitelabertrande.ca\/?page_id=12"},"modified":"2020-02-10T19:52:48","modified_gmt":"2020-02-11T00:52:48","slug":"reservations","status":"publish","type":"page","link":"https:\/\/gitelabertrande.ca\/index.php\/reservations\/","title":{"rendered":"Contact"},"content":{"rendered":"","protected":false},"excerpt":{"rendered":"","protected":false},"author":1,"featured_media":0,"parent":0,"menu_order":0,"comment_status":"closed","ping_status":"open","template":"","meta":{"_monsterinsights_skip_tracking":false,"_monsterinsights_sitenote_active":false,"_monsterinsights_sitenote_note":"","_monsterinsights_sitenote_category":0,"jetpack_post_was_ever_published":false,"footnotes":""},"class_list":["post-12","page","type-page","status-publish","hentry"],"yoast_head":"<!-- This site is optimized with the Yoast SEO plugin v25.3 - https:\/\/yoast.com\/wordpress\/plugins\/seo\/ -->\n<title>Contact | Gite La Bertrande r\u00e9sidence touristique charlevoix<\/title>\n<meta name=\"description\" content=\"Contactez-nous pour passer des vacances de r\u00eaves dans une r\u00e9sidence de tourisme dans Charlevoix, Port-au-Persil!\" \/>\n<meta name=\"robots\" content=\"index, follow, max-snippet:-1, max-image-preview:large, max-video-preview:-1\" \/>\n<link rel=\"canonical\" href=\"https:\/\/gitelabertrande.ca\/index.php\/reservations\/\" \/>\n<meta property=\"og:locale\" content=\"fr_FR\" \/>\n<meta property=\"og:type\" content=\"article\" \/>\n<meta property=\"og:title\" content=\"Contact | Gite La Bertrande r\u00e9sidence touristique charlevoix\" \/>\n<meta property=\"og:description\" content=\"Contactez-nous pour passer des vacances de r\u00eaves dans une r\u00e9sidence de tourisme dans Charlevoix, Port-au-Persil!\" \/>\n<meta property=\"og:url\" content=\"https:\/\/gitelabertrande.ca\/index.php\/reservations\/\" \/>\n<meta property=\"og:site_name\" content=\"R\u00e9sidence Touristique Charlevoix | G\u00eete La Bertrande | Port-au-Persil\" \/>\n<meta property=\"article:modified_time\" content=\"2020-02-11T00:52:48+00:00\" \/>\n<meta name=\"twitter:card\" content=\"summary_large_image\" \/>\n<script type=\"application\/ld+json\" class=\"yoast-schema-graph\">{\"@context\":\"https:\/\/schema.org\",\"@graph\":[{\"@type\":\"WebPage\",\"@id\":\"https:\/\/gitelabertrande.ca\/index.php\/reservations\/\",\"url\":\"https:\/\/gitelabertrande.ca\/index.php\/reservations\/\",\"name\":\"Contact | Gite La Bertrande r\u00e9sidence touristique charlevoix\",\"isPartOf\":{\"@id\":\"https:\/\/gitelabertrande.ca\/#website\"},\"datePublished\":\"2015-08-10T18:09:03+00:00\",\"dateModified\":\"2020-02-11T00:52:48+00:00\",\"description\":\"Contactez-nous pour passer des vacances de r\u00eaves dans une r\u00e9sidence de tourisme dans Charlevoix, Port-au-Persil!\",\"breadcrumb\":{\"@id\":\"https:\/\/gitelabertrande.ca\/index.php\/reservations\/#breadcrumb\"},\"inLanguage\":\"fr-FR\",\"potentialAction\":[{\"@type\":\"ReadAction\",\"target\":[\"https:\/\/gitelabertrande.ca\/index.php\/reservations\/\"]}]},{\"@type\":\"BreadcrumbList\",\"@id\":\"https:\/\/gitelabertrande.ca\/index.php\/reservations\/#breadcrumb\",\"itemListElement\":[{\"@type\":\"ListItem\",\"position\":1,\"name\":\"Accueil\",\"item\":\"https:\/\/gitelabertrande.ca\/\"},{\"@type\":\"ListItem\",\"position\":2,\"name\":\"Contact\"}]},{\"@type\":\"WebSite\",\"@id\":\"https:\/\/gitelabertrande.ca\/#website\",\"url\":\"https:\/\/gitelabertrande.ca\/\",\"name\":\"R\u00e9sidence Touristique Charlevoix | G\u00eete La Bertrande | Port-au-Persil\",\"description\":\"\",\"potentialAction\":[{\"@type\":\"SearchAction\",\"target\":{\"@type\":\"EntryPoint\",\"urlTemplate\":\"https:\/\/gitelabertrande.ca\/?s={search_term_string}\"},\"query-input\":{\"@type\":\"PropertyValueSpecification\",\"valueRequired\":true,\"valueName\":\"search_term_string\"}}],\"inLanguage\":\"fr-FR\"}]}<\/script>\n<!-- \/ Yoast SEO plugin. -->","yoast_head_json":{"title":"Contact | Gite La Bertrande r\u00e9sidence touristique charlevoix","description":"Contactez-nous pour passer des vacances de r\u00eaves dans une r\u00e9sidence de tourisme dans Charlevoix, Port-au-Persil!","robots":{"index":"index","follow":"follow","max-snippet":"max-snippet:-1","max-image-preview":"max-image-preview:large","max-video-preview":"max-video-preview:-1"},"canonical":"https:\/\/gitelabertrande.ca\/index.php\/reservations\/","og_locale":"fr_FR","og_type":"article","og_title":"Contact | Gite La Bertrande r\u00e9sidence touristique charlevoix","og_description":"Contactez-nous pour passer des vacances de r\u00eaves dans une r\u00e9sidence de tourisme dans Charlevoix, Port-au-Persil!","og_url":"https:\/\/gitelabertrande.ca\/index.php\/reservations\/","og_site_name":"R\u00e9sidence Touristique Charlevoix | G\u00eete La Bertrande | Port-au-Persil","article_modified_time":"2020-02-11T00:52:48+00:00","twitter_card":"summary_large_image","schema":{"@context":"https:\/\/schema.org","@graph":[{"@type":"WebPage","@id":"https:\/\/gitelabertrande.ca\/index.php\/reservations\/","url":"https:\/\/gitelabertrande.ca\/index.php\/reservations\/","name":"Contact | Gite La Bertrande r\u00e9sidence touristique charlevoix","isPartOf":{"@id":"https:\/\/gitelabertrande.ca\/#website"},"datePublished":"2015-08-10T18:09:03+00:00","dateModified":"2020-02-11T00:52:48+00:00","description":"Contactez-nous pour passer des vacances de r\u00eaves dans une r\u00e9sidence de tourisme dans Charlevoix, Port-au-Persil!","breadcrumb":{"@id":"https:\/\/gitelabertrande.ca\/index.php\/reservations\/#breadcrumb"},"inLanguage":"fr-FR","potentialAction":[{"@type":"ReadAction","target":["https:\/\/gitelabertrande.ca\/index.php\/reservations\/"]}]},{"@type":"BreadcrumbList","@id":"https:\/\/gitelabertrande.ca\/index.php\/reservations\/#breadcrumb","itemListElement":[{"@type":"ListItem","position":1,"name":"Accueil","item":"https:\/\/gitelabertrande.ca\/"},{"@type":"ListItem","position":2,"name":"Contact"}]},{"@type":"WebSite","@id":"https:\/\/gitelabertrande.ca\/#website","url":"https:\/\/gitelabertrande.ca\/","name":"R\u00e9sidence Touristique Charlevoix | G\u00eete La Bertrande | Port-au-Persil","description":"","potentialAction":[{"@type":"SearchAction","target":{"@type":"EntryPoint","urlTemplate":"https:\/\/gitelabertrande.ca\/?s={search_term_string}"},"query-input":{"@type":"PropertyValueSpecification","valueRequired":true,"valueName":"search_term_string"}}],"inLanguage":"fr-FR"}]}},"jetpack_sharing_enabled":true,"jetpack_shortlink":"https:\/\/wp.me\/P9O8VC-c","jetpack-related-posts":[],"_links":{"self":[{"href":"https:\/\/gitelabertrande.ca\/index.php\/wp-json\/wp\/v2\/pages\/12","targetHints":{"allow":["GET"]}}],"collection":[{"href":"https:\/\/gitelabertrande.ca\/index.php\/wp-json\/wp\/v2\/pages"}],"about":[{"href":"https:\/\/gitelabertrande.ca\/index.php\/wp-json\/wp\/v2\/types\/page"}],"author":[{"embeddable":true,"href":"https:\/\/gitelabertrande.ca\/index.php\/wp-json\/wp\/v2\/users\/1"}],"replies":[{"embeddable":true,"href":"https:\/\/gitelabertrande.ca\/index.php\/wp-json\/wp\/v2\/comments?post=12"}],"version-history":[{"count":41,"href":"https:\/\/gitelabertrande.ca\/index.php\/wp-json\/wp\/v2\/pages\/12\/revisions"}],"predecessor-version":[{"id":316,"href":"https:\/\/gitelabertrande.ca\/index.php\/wp-json\/wp\/v2\/pages\/12\/revisions\/316"}],"wp:attachment":[{"href":"https:\/\/gitelabertrande.ca\/index.php\/wp-json\/wp\/v2\/media?parent=12"}],"curies":[{"name":"wp","href":"https:\/\/api.w.org\/{rel}","templated":true}]}}